{"id":1060,"date":"2011-01-22T11:59:41","date_gmt":"2011-01-22T11:59:41","guid":{"rendered":"http:\/\/www.adavaveiro.org\/?page_id=1060"},"modified":"2017-11-12T10:38:30","modified_gmt":"2017-11-12T10:38:30","slug":"mais-nascimentos-em-2010-com-lisboa-e-porto-a-liderar","status":"publish","type":"page","link":"https:\/\/www.adavaveiro.org\/?page_id=1060","title":{"rendered":"14 janeiro &#8211; Mais nascimentos em 2010, com Lisboa e Porto a liderar"},"content":{"rendered":"<div id=\"blc-artigo-tit-n0\">\n<div id=\"blc-artigo-tit-n1\">\n<h5>Natalidade<\/h5>\n<h2>Mais nascimentos em 2010, com Lisboa e Porto a liderar<\/h2>\n<div>\n<p>por Lusa<br \/>\n<input name=\"date-issue\" type=\"hidden\" value=\"2011-01-14\" \/><em>14<\/em> Janeiro <em>2011<\/em><br \/>\n<input name=\"link-comments\" type=\"hidden\" value=\"1757327\" \/><\/p>\n<\/div>\n<p id=\"NewsSummary\">Portugal registou um aumento de 1900 nascimentos em 2010, em relac\u00e7\u00e3o ao ano anterior, com subidas mais significativas nos distritos de Lisboa, Porto, Coimbra, Leiria e Set\u00fabal, e descidas acentuadas em v\u00e1rios distritos do norte.<\/p>\n<\/div>\n<\/div>\n<div>\n<div id=\"Article\">\n<div>\n<div>\n<p>De acordo com Laura Vilarinho, respons\u00e1vel da unidade de rastreio neo-natal do Instituto Nacional de Sa\u00fade Dr. Ricardo Jorge (INSA), em 2010 foram realizados 101.800 &#8220;testes do pezinho&#8221;, correspondentes ao mesmo n\u00famero de nascimentos. Em relac\u00e7\u00e3o a 2009, foram registados mais 1900 nascimentos. Segundo Laura Vilarinho, este aumento &#8220;n\u00e3o foi generalizado no pa\u00eds&#8221;. O distrito que mais cresceu foi Lisboa, seguido do Porto, Coimbra, Leiria e Set\u00fabal. Nestes distritos, os aumentos foram na ordem dos 150, 200 nascimentos, adiantou.<\/p>\n<p>A diminui\u00e7\u00e3o dos nascimentos foi mais acentuada nos distritos de Braga, Aveiro e Viana, com decr\u00e9scimos na ordem dos 200. Sobre os resultados dos testes ao pezinho &#8211; atrav\u00e9s dos quais s\u00e3o rastreadas 25 doen\u00e7as, entre as quais o hipotiroidismo cong\u00e9nito, que em Portugal tem uma preval\u00eancia de um caso em cada 3200 nascidos &#8211; Laura Vilarinho revelou que estes s\u00e3o semelhantes aos anos anteriores. Em cada 1320 crian\u00e7as rastreadas, uma revelou ter uma das 25 doen\u00e7as rastreadas. A patologia mais frequente \u00e9 a fenilceton\u00faria (uma doen\u00e7a heredit\u00e1ria do metabolismo do amino\u00e1cido fenilalanina).<\/p>\n<p>A cobertura deste rastreio \u00e9 na ordem dos 100%. Criado em 1979, o Programa Nacional de Diagn\u00f3stico Precoce come\u00e7ou por incluir inicialmente apenas o rastreio da fenilceton\u00faria. Este rastreio \u00e9 realizado mediante recolha de sangue, atrav\u00e9s de uma picada no p\u00e9 do beb\u00e9, que deve ser recolhido entre o terceiro e o quinto dia de vida.<\/p>\n<\/div>\n<\/div>\n<\/div>\n<\/div>\n<p>http:\/\/www.dn.pt\/inicio\/portugal\/interior.aspx?content_id=1757327<\/p>\n","protected":false},"excerpt":{"rendered":"<p>Natalidade Mais nascimentos em 2010, com Lisboa e Porto a liderar por Lusa 14 Janeiro 2011 Portugal registou um aumento de 1900 nascimentos em 2010, em relac\u00e7\u00e3o ao ano anterior, com subidas mais significativas nos distritos de Lisboa, Porto, Coimbra, &hellip; <a href=\"https:\/\/www.adavaveiro.org\/?page_id=1060\">Continuar a ler <span class=\"meta-nav\">&rarr;<\/span><\/a><\/p>\n","protected":false},"author":1,"featured_media":0,"parent":1081,"menu_order":0,"comment_status":"open","ping_status":"closed","template":"","meta":{"footnotes":""},"class_list":["post-1060","page","type-page","status-publish","hentry"],"_links":{"self":[{"href":"https:\/\/www.adavaveiro.org\/index.php?rest_route=\/wp\/v2\/pages\/1060","targetHints":{"allow":["GET"]}}],"collection":[{"href":"https:\/\/www.adavaveiro.org\/index.php?rest_route=\/wp\/v2\/pages"}],"about":[{"href":"https:\/\/www.adavaveiro.org\/index.php?rest_route=\/wp\/v2\/types\/page"}],"author":[{"embeddable":true,"href":"https:\/\/www.adavaveiro.org\/index.php?rest_route=\/wp\/v2\/users\/1"}],"replies":[{"embeddable":true,"href":"https:\/\/www.adavaveiro.org\/index.php?rest_route=%2Fwp%2Fv2%2Fcomments&post=1060"}],"version-history":[{"count":3,"href":"https:\/\/www.adavaveiro.org\/index.php?rest_route=\/wp\/v2\/pages\/1060\/revisions"}],"predecessor-version":[{"id":3431,"href":"https:\/\/www.adavaveiro.org\/index.php?rest_route=\/wp\/v2\/pages\/1060\/revisions\/3431"}],"up":[{"embeddable":true,"href":"https:\/\/www.adavaveiro.org\/index.php?rest_route=\/wp\/v2\/pages\/1081"}],"wp:attachment":[{"href":"https:\/\/www.adavaveiro.org\/index.php?rest_route=%2Fwp%2Fv2%2Fmedia&parent=1060"}],"curies":[{"name":"wp","href":"https:\/\/api.w.org\/{rel}","templated":true}]}}