{"id":1367,"date":"2011-03-26T16:03:30","date_gmt":"2011-03-26T16:03:30","guid":{"rendered":"http:\/\/www.adavaveiro.org\/?page_id=1367"},"modified":"2017-11-12T10:24:50","modified_gmt":"2017-11-12T10:24:50","slug":"irs-contribuir-sem-gastar-nada","status":"publish","type":"page","link":"https:\/\/www.adavaveiro.org\/?page_id=1367","title":{"rendered":"IRS &#8211; contribuir sem gastar nada!"},"content":{"rendered":"<p><a rel=\"attachment wp-att-1289\" href=\"http:\/\/www.adavaveiro.org\/?attachment_id=1289\"><img loading=\"lazy\" decoding=\"async\" class=\"alignleft size-thumbnail wp-image-1289\" title=\"mealheiro2\" src=\"http:\/\/www.adavaveiro.org\/wp-content\/uploads\/2011\/02\/mealheiro2-260x260.jpg\" alt=\"\" width=\"61\" height=\"61\" srcset=\"https:\/\/www.adavaveiro.org\/wp-content\/uploads\/2011\/02\/mealheiro2-260x260.jpg 260w, https:\/\/www.adavaveiro.org\/wp-content\/uploads\/2011\/02\/mealheiro2-300x300.jpg 300w, https:\/\/www.adavaveiro.org\/wp-content\/uploads\/2011\/02\/mealheiro2.jpg 400w\" sizes=\"auto, (max-width: 61px) 100vw, 61px\" \/><\/a>Na sua Declara\u00e7\u00e3o de IRS, no <strong>anexo H do Modelo 3 do IRS<\/strong>, pode colocar a indica\u00e7\u00e3o de \u00abAssocia\u00e7\u00e3o de Defesa e Apoio da Vida, contribuinte n.\u00ba <strong>505 085 615<\/strong>\u00bb, no Quadro da \u00ab<strong>consigna\u00e7\u00e3o de 0,5% do Imposto Liquidado<\/strong>\u00bb, campo \u00ab<strong>Institui\u00e7\u00f5es Particulares de Solidariedade Social ou Pessoas Colectivas de Utilidade P\u00fablica, art.\u00ba 32\u00ba, n.\u00ba 6<\/strong>\u00bb.<\/p>\n<p>Essa consigna\u00e7\u00e3o fiscal n\u00e3o representa, para o contribuinte, qualquer pagamento adicional, significando apenas que 0,5% do imposto j\u00e1 liquidado \u00e0s Finan\u00e7as e pago pelo contribuinte, em vez de reverter para os cofres do Estado, podem reverter a favor de uma IPSS.<\/p>\n<p>A direc\u00e7\u00e3o e todos os benefici\u00e1rios dos apoios da ADAV agradecem.<\/p>\n","protected":false},"excerpt":{"rendered":"<p>Na sua Declara\u00e7\u00e3o de IRS, no anexo H do Modelo 3 do IRS, pode colocar a indica\u00e7\u00e3o de \u00abAssocia\u00e7\u00e3o de Defesa e Apoio da Vida, contribuinte n.\u00ba 505 085 615\u00bb, no Quadro da \u00abconsigna\u00e7\u00e3o de 0,5% do Imposto Liquidado\u00bb, campo &hellip; <a href=\"https:\/\/www.adavaveiro.org\/?page_id=1367\">Continuar a ler <span class=\"meta-nav\">&rarr;<\/span><\/a><\/p>\n","protected":false},"author":1,"featured_media":0,"parent":569,"menu_order":0,"comment_status":"closed","ping_status":"closed","template":"","meta":{"footnotes":""},"class_list":["post-1367","page","type-page","status-publish","hentry"],"_links":{"self":[{"href":"https:\/\/www.adavaveiro.org\/index.php?rest_route=\/wp\/v2\/pages\/1367","targetHints":{"allow":["GET"]}}],"collection":[{"href":"https:\/\/www.adavaveiro.org\/index.php?rest_route=\/wp\/v2\/pages"}],"about":[{"href":"https:\/\/www.adavaveiro.org\/index.php?rest_route=\/wp\/v2\/types\/page"}],"author":[{"embeddable":true,"href":"https:\/\/www.adavaveiro.org\/index.php?rest_route=\/wp\/v2\/users\/1"}],"replies":[{"embeddable":true,"href":"https:\/\/www.adavaveiro.org\/index.php?rest_route=%2Fwp%2Fv2%2Fcomments&post=1367"}],"version-history":[{"count":7,"href":"https:\/\/www.adavaveiro.org\/index.php?rest_route=\/wp\/v2\/pages\/1367\/revisions"}],"predecessor-version":[{"id":3410,"href":"https:\/\/www.adavaveiro.org\/index.php?rest_route=\/wp\/v2\/pages\/1367\/revisions\/3410"}],"up":[{"embeddable":true,"href":"https:\/\/www.adavaveiro.org\/index.php?rest_route=\/wp\/v2\/pages\/569"}],"wp:attachment":[{"href":"https:\/\/www.adavaveiro.org\/index.php?rest_route=%2Fwp%2Fv2%2Fmedia&parent=1367"}],"curies":[{"name":"wp","href":"https:\/\/api.w.org\/{rel}","templated":true}]}}