{"id":15,"date":"2010-03-04T19:01:09","date_gmt":"2010-03-04T19:01:09","guid":{"rendered":"http:\/\/www.adavaveiro.org\/?page_id=15"},"modified":"2024-05-09T20:44:06","modified_gmt":"2024-05-09T20:44:06","slug":"o-que-fazemos","status":"publish","type":"page","link":"https:\/\/www.adavaveiro.org\/?page_id=15","title":{"rendered":"2009"},"content":{"rendered":"<p><strong>Em 2009<\/strong><\/p>\n<p>Acompanh\u00e1mos <strong>19 gr\u00e1vidas<\/strong>, <strong>99 crian\u00e7as at\u00e9 aos 10 anos<\/strong> (62 dos 0 aos 3 anos + 37 dos 4 aos 10 anos) e <strong>30 crian\u00e7as com mais de 10 anos<\/strong>.<br \/>\nDistribu\u00edmos cerca de<strong> 1000 litros de leite + cerca de 150 unidades de cereais + cerca de 3000 kg de alimentos<\/strong>.<br \/>\nDemos cerca de <strong>6600 fraldas<\/strong><br \/>\nDistribu\u00edmos papas e\u00a0leites<br \/>\nDistribu\u00edmos roupa, cadeirinhas, carrinhos de beb\u00e9<br \/>\nFornecemos alimenta\u00e7\u00e3o para a fam\u00edlia das crian\u00e7as, em parceria com o Banco Alimentar e a Seguran\u00e7a Social<\/p>\n<p><strong>em 2008\u00a0 <\/strong><\/p>\n<p>Acompanh\u00e1mos <strong>18 gr\u00e1vidas<\/strong>, <strong>45 crian\u00e7as<\/strong><br \/>\nDistribu\u00edmos <strong>501kg\/1354 unidades de alimentos<\/strong><br \/>\nDemos cerca de <strong>1550 fraldas<\/strong><\/p>\n","protected":false},"excerpt":{"rendered":"<p>Em 2009 Acompanh\u00e1mos 19 gr\u00e1vidas, 99 crian\u00e7as at\u00e9 aos 10 anos (62 dos 0 aos 3 anos + 37 dos 4 aos 10 anos) e 30 crian\u00e7as com mais de 10 anos. Distribu\u00edmos cerca de 1000 litros de leite + &hellip; <a href=\"https:\/\/www.adavaveiro.org\/?page_id=15\">Continuar a ler <span class=\"meta-nav\">&rarr;<\/span><\/a><\/p>\n","protected":false},"author":1,"featured_media":0,"parent":3450,"menu_order":10,"comment_status":"closed","ping_status":"closed","template":"","meta":{"footnotes":""},"class_list":["post-15","page","type-page","status-publish","hentry"],"_links":{"self":[{"href":"https:\/\/www.adavaveiro.org\/index.php?rest_route=\/wp\/v2\/pages\/15","targetHints":{"allow":["GET"]}}],"collection":[{"href":"https:\/\/www.adavaveiro.org\/index.php?rest_route=\/wp\/v2\/pages"}],"about":[{"href":"https:\/\/www.adavaveiro.org\/index.php?rest_route=\/wp\/v2\/types\/page"}],"author":[{"embeddable":true,"href":"https:\/\/www.adavaveiro.org\/index.php?rest_route=\/wp\/v2\/users\/1"}],"replies":[{"embeddable":true,"href":"https:\/\/www.adavaveiro.org\/index.php?rest_route=%2Fwp%2Fv2%2Fcomments&post=15"}],"version-history":[{"count":18,"href":"https:\/\/www.adavaveiro.org\/index.php?rest_route=\/wp\/v2\/pages\/15\/revisions"}],"predecessor-version":[{"id":3462,"href":"https:\/\/www.adavaveiro.org\/index.php?rest_route=\/wp\/v2\/pages\/15\/revisions\/3462"}],"up":[{"embeddable":true,"href":"https:\/\/www.adavaveiro.org\/index.php?rest_route=\/wp\/v2\/pages\/3450"}],"wp:attachment":[{"href":"https:\/\/www.adavaveiro.org\/index.php?rest_route=%2Fwp%2Fv2%2Fmedia&parent=15"}],"curies":[{"name":"wp","href":"https:\/\/api.w.org\/{rel}","templated":true}]}}