{"id":1696,"date":"2011-07-12T10:44:58","date_gmt":"2011-07-12T10:44:58","guid":{"rendered":"http:\/\/www.adavaveiro.org\/?page_id=1696"},"modified":"2017-11-12T10:41:14","modified_gmt":"2017-11-12T10:41:14","slug":"como-manipular-as-consciencias","status":"publish","type":"page","link":"https:\/\/www.adavaveiro.org\/?page_id=1696","title":{"rendered":"como manipular as consci\u00eancias?"},"content":{"rendered":"<div id=\"blc-artigo-tit-n0\">\n<div id=\"blc-artigo-tit-n1\">\n<h5>Aborto<\/h5>\n<h2>Hospitais devem retirar objectos alusivos \u00e0 inf\u00e2ncia<\/h2>\n<div>\n<p>por LusaHoje<\/p>\n<\/div>\n<p id=\"NewsSummary\">A  Inspec\u00e7\u00e3o-Geral das Actividades em Sa\u00fade (IGAS) recomenda aos hospitais  p\u00fablicos que retirem dos gabinetes onde atendem mulheres para  interrup\u00e7\u00e3o volunt\u00e1ria da gravidez objectos que possam interferir com a  escolha das utentes.<\/p>\n<\/div>\n<\/div>\n<div>\n<p>Esta  \u00e9 uma das recomenda\u00e7\u00f5es que resultou da inspec\u00e7\u00e3o realizada no ano  passado a 22 estabelecimentos de sa\u00fade que realizam abortos por op\u00e7\u00e3o da  mulher at\u00e9 \u00e0s 10 semanas de gravidez, que a legisla\u00e7\u00e3o em vigor h\u00e1  quatro anos veio permitir.<\/p>\n<p>No relat\u00f3rio da IGAS, \u00e9 recomendado que  objectos alusivos \u00e0 inf\u00e2ncia ou do foro religioso sejam removidos dos  gabinetes m\u00e9dicos e de apoio psicol\u00f3gico e social onde \u00e9 prestado  atendimento a estas utentes.<\/p>\n<p>A inspec\u00e7\u00e3o diz ainda que as unidades  de sa\u00fade devem criar um telefone direto para a consulta hospitalar da  interrup\u00e7\u00e3o volunt\u00e1ria da gravidez (IVG), &#8220;facilitando o cumprimento dos  prazos legais&#8221;.<\/p>\n<p>Deve ainda existir um contacto dispon\u00edvel de um  profissional de sa\u00fade, em hor\u00e1rio \u00fatil, para esclarecer poss\u00edveis  d\u00favidas &#8220;durante todo o processo de IVG, minimizando o recurso  desnecess\u00e1rio ao servi\u00e7o de urg\u00eancia&#8221;.<\/p>\n<p>A IGAS diz ainda que a  Dire\u00e7\u00e3o Geral da Sa\u00fade deve atualizar a informa\u00e7\u00e3o dispon\u00edvel na  Internet relativamente \u00e0 consulta de IVG, com indica\u00e7\u00e3o dos dias,  hor\u00e1rios da consulta e profissionais de sa\u00fade adstritos.<\/p>\n<p>Apesar  das recomenda\u00e7\u00f5es, a inspe\u00e7\u00e3o reconhece que o sistema p\u00fablico tem  procurado dar resposta para &#8220;a realiza\u00e7\u00e3o de um aborto seguro&#8221;, mesmo  com a escassez de recursos e com o &#8220;elevado n\u00famero de profissionais&#8221; que  se declararam objetores de consci\u00eancia.<\/p>\n<p>Ainda assim, a inspec\u00e7\u00e3o detectou falhas no cumprimento da lei nos servi\u00e7os p\u00fablicos.<\/p>\n<p>Segundo  o relat\u00f3rio, havia, em 2010, um centro hospitalar no qual em cada  unidade onde se realiza a consulta de IVG apenas h\u00e1 um m\u00e9dico, o que faz  com que a comprova\u00e7\u00e3o da idade gestacional n\u00e3o seja feita por um  cl\u00ednico diferente daquele que realiza o aborto, como determina a lei.<\/p>\n<p>in http:\/\/www.dn.pt\/inicio\/portugal\/interior.aspx?content_id=1905024&amp;page=-1<\/p>\n<\/div>\n","protected":false},"excerpt":{"rendered":"<p>Aborto Hospitais devem retirar objectos alusivos \u00e0 inf\u00e2ncia por LusaHoje A Inspec\u00e7\u00e3o-Geral das Actividades em Sa\u00fade (IGAS) recomenda aos hospitais p\u00fablicos que retirem dos gabinetes onde atendem mulheres para interrup\u00e7\u00e3o volunt\u00e1ria da gravidez objectos que possam interferir com a escolha &hellip; <a href=\"https:\/\/www.adavaveiro.org\/?page_id=1696\">Continuar a ler <span class=\"meta-nav\">&rarr;<\/span><\/a><\/p>\n","protected":false},"author":1,"featured_media":0,"parent":17,"menu_order":0,"comment_status":"closed","ping_status":"closed","template":"","meta":{"footnotes":""},"class_list":["post-1696","page","type-page","status-publish","hentry"],"_links":{"self":[{"href":"https:\/\/www.adavaveiro.org\/index.php?rest_route=\/wp\/v2\/pages\/1696","targetHints":{"allow":["GET"]}}],"collection":[{"href":"https:\/\/www.adavaveiro.org\/index.php?rest_route=\/wp\/v2\/pages"}],"about":[{"href":"https:\/\/www.adavaveiro.org\/index.php?rest_route=\/wp\/v2\/types\/page"}],"author":[{"embeddable":true,"href":"https:\/\/www.adavaveiro.org\/index.php?rest_route=\/wp\/v2\/users\/1"}],"replies":[{"embeddable":true,"href":"https:\/\/www.adavaveiro.org\/index.php?rest_route=%2Fwp%2Fv2%2Fcomments&post=1696"}],"version-history":[{"count":2,"href":"https:\/\/www.adavaveiro.org\/index.php?rest_route=\/wp\/v2\/pages\/1696\/revisions"}],"predecessor-version":[{"id":1704,"href":"https:\/\/www.adavaveiro.org\/index.php?rest_route=\/wp\/v2\/pages\/1696\/revisions\/1704"}],"up":[{"embeddable":true,"href":"https:\/\/www.adavaveiro.org\/index.php?rest_route=\/wp\/v2\/pages\/17"}],"wp:attachment":[{"href":"https:\/\/www.adavaveiro.org\/index.php?rest_route=%2Fwp%2Fv2%2Fmedia&parent=1696"}],"curies":[{"name":"wp","href":"https:\/\/api.w.org\/{rel}","templated":true}]}}