{"id":19,"date":"2010-03-03T14:51:07","date_gmt":"2010-03-03T14:51:07","guid":{"rendered":"http:\/\/www.adavaveiro.org\/?page_id=19"},"modified":"2023-09-18T16:02:16","modified_gmt":"2023-09-18T16:02:16","slug":"ser-socio","status":"publish","type":"page","link":"https:\/\/www.adavaveiro.org\/?page_id=19","title":{"rendered":"SER S\u00d3CIO OU BENFEITOR"},"content":{"rendered":"\n<p><\/p>\n\n\n\n<figure class=\"wp-block-image size-full\"><img loading=\"lazy\" decoding=\"async\" width=\"275\" height=\"183\" src=\"http:\/\/www.adavaveiro.org\/wp-content\/uploads\/2022\/01\/IMAGEM-11.jpg\" alt=\"\" class=\"wp-image-3923\" srcset=\"https:\/\/www.adavaveiro.org\/wp-content\/uploads\/2022\/01\/IMAGEM-11.jpg 275w, https:\/\/www.adavaveiro.org\/wp-content\/uploads\/2022\/01\/IMAGEM-11-260x173.jpg 260w\" sizes=\"auto, (max-width: 275px) 100vw, 275px\" \/><\/figure>\n\n\n\n<p>Escreva-nos para adavaveiro@gmail.com<\/p>\n\n\n\n<p>Pode ser s\u00f3cio com uma quota anual simb\u00f3lica, pode ser nosso benfeitor com o contributo que quiser.<\/p>\n\n\n\n<p>Passamos recibo da sua colabora\u00e7\u00e3o.<\/p>\n","protected":false},"excerpt":{"rendered":"<p>Escreva-nos para adavaveiro@gmail.com Pode ser s\u00f3cio com uma quota anual simb\u00f3lica, pode ser nosso benfeitor com o contributo que quiser. Passamos recibo da sua colabora\u00e7\u00e3o.<\/p>\n","protected":false},"author":1,"featured_media":0,"parent":0,"menu_order":0,"comment_status":"closed","ping_status":"closed","template":"","meta":{"footnotes":""},"class_list":["post-19","page","type-page","status-publish","hentry"],"_links":{"self":[{"href":"https:\/\/www.adavaveiro.org\/index.php?rest_route=\/wp\/v2\/pages\/19","targetHints":{"allow":["GET"]}}],"collection":[{"href":"https:\/\/www.adavaveiro.org\/index.php?rest_route=\/wp\/v2\/pages"}],"about":[{"href":"https:\/\/www.adavaveiro.org\/index.php?rest_route=\/wp\/v2\/types\/page"}],"author":[{"embeddable":true,"href":"https:\/\/www.adavaveiro.org\/index.php?rest_route=\/wp\/v2\/users\/1"}],"replies":[{"embeddable":true,"href":"https:\/\/www.adavaveiro.org\/index.php?rest_route=%2Fwp%2Fv2%2Fcomments&post=19"}],"version-history":[{"count":10,"href":"https:\/\/www.adavaveiro.org\/index.php?rest_route=\/wp\/v2\/pages\/19\/revisions"}],"predecessor-version":[{"id":4108,"href":"https:\/\/www.adavaveiro.org\/index.php?rest_route=\/wp\/v2\/pages\/19\/revisions\/4108"}],"wp:attachment":[{"href":"https:\/\/www.adavaveiro.org\/index.php?rest_route=%2Fwp%2Fv2%2Fmedia&parent=19"}],"curies":[{"name":"wp","href":"https:\/\/api.w.org\/{rel}","templated":true}]}}