{"id":1986,"date":"2011-10-17T14:35:02","date_gmt":"2011-10-17T14:35:02","guid":{"rendered":"http:\/\/www.adavaveiro.org\/?page_id=1986"},"modified":"2017-11-12T10:38:49","modified_gmt":"2017-11-12T10:38:49","slug":"17-de-outubro-de-2011","status":"publish","type":"page","link":"https:\/\/www.adavaveiro.org\/?page_id=1986","title":{"rendered":"17 de outubro de 2011 &#8211; o aborto em 2010"},"content":{"rendered":"<p><strong>Planeamento familiar<\/strong><\/p>\n<p><strong>Jovens at\u00e9 aos 24 anos fizeram 33% do total de abortos em 2010<\/strong><\/p>\n<p><strong>&#8220;N\u00e3o estamos a ser eficazes em termos de educa\u00e7\u00e3o sexual dos jovens&#8221;, diz Duarte Vilar, director-executivo da Associa\u00e7\u00e3o para o Planeamento da Fam\u00edlia <\/strong><\/p>\n<p>Texto de Nat\u00e1lia Faria \u2022 17\/10\/2011 &#8211; 10:38<\/p>\n<p>Mais de 33 por cento das interrup\u00e7\u00f5es volunt\u00e1rias da gravidez efectuadas em 2010 foram feitas em raparigas at\u00e9 aos 24 anos de idade. Os dados da Direc\u00e7\u00e3o-Geral de Sa\u00fade confirmam uma tend\u00eancia que j\u00e1 vinha de 2009.<\/p>\n<p>E significam o qu\u00ea? \u201cSignificam que os cuidados de sa\u00fade prim\u00e1rios, que t\u00eam um papel crucial em termos de planeamento familiar, est\u00e3o a falhar rotundamente, como est\u00e1 a falhar a educa\u00e7\u00e3o nas escolas\u201d, aponta Lu\u00eds Gra\u00e7a, m\u00e9dico obstetra.<\/p>\n<p>Constatando que os jovens \u201cs\u00e3o mais propensos ao risco e a negligenciarem a preven\u00e7\u00e3o\u201d, o respons\u00e1vel do servi\u00e7o de obstetr\u00edcia do Hospital de Santa Maria, em Lisboa, aponta ainda o dedo \u201caos disparates que todos os dias se v\u00eaem reproduzidos na imprensa &#8216;light&#8217; e que dizem que a p\u00edlula faz borbulhas ou que faz engordar&#8230;\u201d.<\/p>\n<p>\u201cS\u00e3o tudo coisas que fazem com que as pessoas n\u00e3o procurem essa protec\u00e7\u00e3o e que depois as colocam na situa\u00e7\u00e3o pior de terem que recorrer ao aborto\u201d, insurge-se. Segundo a <a title=\"DGS\" href=\"http:\/\/www.dgs.pt\/\" target=\"_blank\">DGS<\/a>, foram feitas 19.436 interrup\u00e7\u00f5es volunt\u00e1rias da gravidez em 2010. Destas, 6.519, ou seja, 33,5 por cento, foram feitas em raparigas at\u00e9 aos 24 anos. O ano anterior n\u00e3o fora muito diferente.<\/p>\n<p><strong>Educa\u00e7\u00e3o sexual<\/strong><\/p>\n<p>Dos 19.848 abortos realizados, 34 por cento disseram respeito a raparigas at\u00e9 24 anos. Duarte Vilar, director-executivo da Associa\u00e7\u00e3o para o Planeamento da Fam\u00edlia, concorda com o diagn\u00f3stico.<\/p>\n<p>\u201cN\u00e3o estamos a ser eficazes em termos de educa\u00e7\u00e3o sexual dos jovens. H\u00e1 progressos a registar em termos de educa\u00e7\u00e3o sexual nas escolas, mas precisamos de uma educa\u00e7\u00e3o sexual consistente e isso, infelizmente, n\u00e3o temos\u201d. Por outro lado, \u201c\u00e9 preciso garantir um acesso mais f\u00e1cil dos jovens aos contraceptivos e os centros de sa\u00fade est\u00e3o preparados para receber estes jovens\u201d.<\/p>\n<p>Claro que estas interpreta\u00e7\u00f5es n\u00e3o podem ignorar que \u201cnestas faixas et\u00e1rias uma gravidez raramente \u00e9 bem-vinda\u201d, como lembra ainda Duarte Vilar. J\u00e1 nas faixas et\u00e1rias seguintes, \u201cuma gravidez n\u00e3o planeada pode mais facilmente transformar-se numa gravidez desejada, porque est\u00e3o j\u00e1 mais pr\u00f3ximos os contextos de casamento ou de uni\u00e3o de facto e de alguma estabilidade laboral\u201d. Efectivamente, das mulheres que abortaram por op\u00e7\u00e3o em 2010, 17 por cento declararam-se estudantes.<\/p>\n<p>Outras 17 por cento disseram-se desempregadas. Dado curioso: 49,3 por cento destas mulheres viviam em regime de coabita\u00e7\u00e3o. E quase 20 por cento admitiram que j\u00e1 tinham realizado um aborto anteriormente.<\/p>\n<p>http:\/\/p3.publico.pt\/actualidade\/sociedade\/1062\/jovens-ate-aos-24-anos-fizeram-33-do-total-de-abortos-em-2010<\/p>\n","protected":false},"excerpt":{"rendered":"<p>Planeamento familiar Jovens at\u00e9 aos 24 anos fizeram 33% do total de abortos em 2010 &#8220;N\u00e3o estamos a ser eficazes em termos de educa\u00e7\u00e3o sexual dos jovens&#8221;, diz Duarte Vilar, director-executivo da Associa\u00e7\u00e3o para o Planeamento da Fam\u00edlia Texto de &hellip; <a href=\"https:\/\/www.adavaveiro.org\/?page_id=1986\">Continuar a ler <span class=\"meta-nav\">&rarr;<\/span><\/a><\/p>\n","protected":false},"author":1,"featured_media":0,"parent":1081,"menu_order":0,"comment_status":"closed","ping_status":"closed","template":"","meta":{"footnotes":""},"class_list":["post-1986","page","type-page","status-publish","hentry"],"_links":{"self":[{"href":"https:\/\/www.adavaveiro.org\/index.php?rest_route=\/wp\/v2\/pages\/1986","targetHints":{"allow":["GET"]}}],"collection":[{"href":"https:\/\/www.adavaveiro.org\/index.php?rest_route=\/wp\/v2\/pages"}],"about":[{"href":"https:\/\/www.adavaveiro.org\/index.php?rest_route=\/wp\/v2\/types\/page"}],"author":[{"embeddable":true,"href":"https:\/\/www.adavaveiro.org\/index.php?rest_route=\/wp\/v2\/users\/1"}],"replies":[{"embeddable":true,"href":"https:\/\/www.adavaveiro.org\/index.php?rest_route=%2Fwp%2Fv2%2Fcomments&post=1986"}],"version-history":[{"count":3,"href":"https:\/\/www.adavaveiro.org\/index.php?rest_route=\/wp\/v2\/pages\/1986\/revisions"}],"predecessor-version":[{"id":3433,"href":"https:\/\/www.adavaveiro.org\/index.php?rest_route=\/wp\/v2\/pages\/1986\/revisions\/3433"}],"up":[{"embeddable":true,"href":"https:\/\/www.adavaveiro.org\/index.php?rest_route=\/wp\/v2\/pages\/1081"}],"wp:attachment":[{"href":"https:\/\/www.adavaveiro.org\/index.php?rest_route=%2Fwp%2Fv2%2Fmedia&parent=1986"}],"curies":[{"name":"wp","href":"https:\/\/api.w.org\/{rel}","templated":true}]}}