{"id":1995,"date":"2011-10-26T20:27:03","date_gmt":"2011-10-26T20:27:03","guid":{"rendered":"http:\/\/www.adavaveiro.org\/?page_id=1995"},"modified":"2017-11-12T10:40:42","modified_gmt":"2017-11-12T10:40:42","slug":"26-de-outubro-2011-portugal-com-poucos-bebes","status":"publish","type":"page","link":"https:\/\/www.adavaveiro.org\/?page_id=1995","title":{"rendered":"26 de outubro 2011 &#8211; Portugal com poucos beb\u00e9s"},"content":{"rendered":"<p>Hoje, 42% da popula\u00e7\u00e3o mundial vive em pa\u00edses onde n\u00e3o nascem beb\u00e9s suficientes<strong> (REUTERS)<\/strong>.<\/p>\n<p>O mundo est\u00e1 prestes a ter 7000 milh\u00f5es de ser humanos \u2014 \u00e9 na segunda-feira, 31 de Outubro, que nascer\u00e1 o beb\u00e9 que arredondar\u00e1 as contas, segundo as Na\u00e7\u00f5es Unidas. Mas a evolu\u00e7\u00e3o da popula\u00e7\u00e3o mundial no pr\u00f3ximo s\u00e9culo \u00e9 complicada, com os pa\u00edses mais ricos, onde se inclui Portugal, a envelhecerem e a perderem popula\u00e7\u00e3o, e os mais pobres, sobretudo em \u00c1frica, a crescerem ainda, segundo o relat\u00f3rio anual da ONU sobre o estado da popula\u00e7\u00e3o, hoje divulgado.<\/p>\n<p>Portugal est\u00e1 bem colocado nos tradicionais \u00edndices civilizacionais: est\u00e1 em 11\u00ba na mortalidade at\u00e9 aos cinco anos, com 3,7 crian\u00e7as falecidas em cada mil que nascem, e na esperan\u00e7a de vida surge com um dos mais elevados valores entre os 188 Estados da tabela, com 83 anos para as mulheres e 77 para os homens que nas\u00e7am at\u00e9 2015.<\/p>\n<p>Mas Portugal tem a terceira pior taxa de fertilidade no mundo, logo a seguir \u00e0 B\u00f3snia-Herzegovina e Malta: para o per\u00edodo 2010-2015, a previs\u00e3o \u00e9 que nas\u00e7am apenas 1,3 filhos por mulher em Portugal, bem menos do que os 2,1 necess\u00e1rios para a reposi\u00e7\u00e3o das gera\u00e7\u00f5es.<\/p>\n<p>Hoje, 42% da popula\u00e7\u00e3o mundial vive em pa\u00edses onde n\u00e3o nascem beb\u00e9s suficientes para pelo menos substituir os seus pais. Isso \u00e9 o que est\u00e1 a acontecer na maior parte dos pa\u00edses ocidentais, embora alguns sejam excep\u00e7\u00e3o, como a Isl\u00e2ndia e a Irlanda.<br \/>\nAs projec\u00e7\u00f5es das Na\u00e7\u00f5es Unidas apontam para que em 2050 dever\u00e3o existir 9,3 mil milh\u00f5es de seres humanos na Terra e mais de 10 mil milh\u00f5es at\u00e9 ao fim do s\u00e9culo. A maior parte deste crescimento ocorrer\u00e1 nos pa\u00edses em desenvolvimento com maiores taxas de fertilidade \u2013 39 em \u00c1frica, nove na \u00c1sia, seis na Oceania e quatro na Am\u00e9rica Latina.<br \/>\nEnquanto no mundo desenvolvido a popula\u00e7\u00e3o est\u00e1 a envelhecer, em parte dos pa\u00edses em desenvolvimento o fen\u00f3meno \u00e9 inverso. \u201cEnquanto a falta de m\u00e3o-de-obra amea\u00e7a as economias de alguns pa\u00edses industrializados, os potenciais migrantes desempregados dos pa\u00edses em desenvolvimento encontram cada vez mais fronteiras encerradas para a experi\u00eancia que podem oferecer\u201d, diz o relat\u00f3rio divulgado pelo Fundo das Na\u00e7\u00f5es Unidas para a Popula\u00e7\u00e3o. \u201cE, apesar dos progressos na redu\u00e7\u00e3o da pobreza extrema, o fosso entre os pobres e os ricos est\u00e1 a aprofundar-se em todo o lado\u201d, completa o relat\u00f3rio.<br \/>\nApesar do previsto aumento populacional nas pr\u00f3ximas d\u00e9cadas, a velocidade a que a humanidade est\u00e1 a crescer est\u00e1 a diminuir: se demor\u00e1mos 12 anos a passar de 6000 a 7000 milh\u00f5es, devemos levar 13 anos para chegar aos 8000 milh\u00f5es, e 18 anos para alcan\u00e7ar os 9000. Para chegar aos 10.000 milh\u00f5es devemos ter de esperar at\u00e9 ao fim do s\u00e9culo.<\/p>\n<p><a href=\"http:\/\/www.publico.pt\/Mundo\/portugal-sem-bebes-num-mundo-de-7000-milhoes-de-pessoas-1518347\">http:\/\/www.publico.pt\/Mundo\/portugal-sem-bebes-num-mundo-de-7000-milhoes-de-pessoas-1518347<\/a><\/p>\n","protected":false},"excerpt":{"rendered":"<p>Hoje, 42% da popula\u00e7\u00e3o mundial vive em pa\u00edses onde n\u00e3o nascem beb\u00e9s suficientes (REUTERS). O mundo est\u00e1 prestes a ter 7000 milh\u00f5es de ser humanos \u2014 \u00e9 na segunda-feira, 31 de Outubro, que nascer\u00e1 o beb\u00e9 que arredondar\u00e1 as contas, &hellip; <a href=\"https:\/\/www.adavaveiro.org\/?page_id=1995\">Continuar a ler <span class=\"meta-nav\">&rarr;<\/span><\/a><\/p>\n","protected":false},"author":1,"featured_media":0,"parent":1081,"menu_order":0,"comment_status":"open","ping_status":"closed","template":"","meta":{"footnotes":""},"class_list":["post-1995","page","type-page","status-publish","hentry"],"_links":{"self":[{"href":"https:\/\/www.adavaveiro.org\/index.php?rest_route=\/wp\/v2\/pages\/1995","targetHints":{"allow":["GET"]}}],"collection":[{"href":"https:\/\/www.adavaveiro.org\/index.php?rest_route=\/wp\/v2\/pages"}],"about":[{"href":"https:\/\/www.adavaveiro.org\/index.php?rest_route=\/wp\/v2\/types\/page"}],"author":[{"embeddable":true,"href":"https:\/\/www.adavaveiro.org\/index.php?rest_route=\/wp\/v2\/users\/1"}],"replies":[{"embeddable":true,"href":"https:\/\/www.adavaveiro.org\/index.php?rest_route=%2Fwp%2Fv2%2Fcomments&post=1995"}],"version-history":[{"count":2,"href":"https:\/\/www.adavaveiro.org\/index.php?rest_route=\/wp\/v2\/pages\/1995\/revisions"}],"predecessor-version":[{"id":3437,"href":"https:\/\/www.adavaveiro.org\/index.php?rest_route=\/wp\/v2\/pages\/1995\/revisions\/3437"}],"up":[{"embeddable":true,"href":"https:\/\/www.adavaveiro.org\/index.php?rest_route=\/wp\/v2\/pages\/1081"}],"wp:attachment":[{"href":"https:\/\/www.adavaveiro.org\/index.php?rest_route=%2Fwp%2Fv2%2Fmedia&parent=1995"}],"curies":[{"name":"wp","href":"https:\/\/api.w.org\/{rel}","templated":true}]}}