{"id":2020,"date":"2011-11-05T11:22:03","date_gmt":"2011-11-05T11:22:03","guid":{"rendered":"http:\/\/www.adavaveiro.org\/?page_id=2020"},"modified":"2018-01-23T16:29:50","modified_gmt":"2018-01-23T16:29:50","slug":"projeto-crescer","status":"publish","type":"page","link":"https:\/\/www.adavaveiro.org\/?page_id=2020","title":{"rendered":"Projeto CRESCER"},"content":{"rendered":"<p><strong><span style=\"color: #993300;\">Propomos<\/span><\/strong><\/p>\n<p><a rel=\"attachment wp-att-2032\" href=\"http:\/\/www.adavaveiro.org\/?attachment_id=2032\"><img loading=\"lazy\" decoding=\"async\" class=\"aligncenter size-thumbnail wp-image-2032\" title=\"grandir\" src=\"http:\/\/www.adavaveiro.org\/wp-content\/uploads\/2011\/11\/grandir-156x260.jpg\" alt=\"\" width=\"156\" height=\"260\" srcset=\"https:\/\/www.adavaveiro.org\/wp-content\/uploads\/2011\/11\/grandir-156x260.jpg 156w, https:\/\/www.adavaveiro.org\/wp-content\/uploads\/2011\/11\/grandir-180x300.jpg 180w, https:\/\/www.adavaveiro.org\/wp-content\/uploads\/2011\/11\/grandir.jpg 450w\" sizes=\"auto, (max-width: 156px) 100vw, 156px\" \/><\/a><\/p>\n<p>Renovar protocolos com entidades de forma\u00e7\u00e3o, a fim de assegurar a promo\u00e7\u00e3o estruturada de ac\u00e7\u00f5es de forma\u00e7\u00e3o coerentes com a matriz defendida pela ADAV<\/p>\n<p>Promover actividades de prepara\u00e7\u00e3o para o parto e para a maternidade e paternidade respons\u00e1veis<\/p>\n<p>Colaborar com outras entidades na organiza\u00e7\u00e3o de confer\u00eancias e col\u00f3quios<\/p>\n<p><em> <\/em><\/p>\n","protected":false},"excerpt":{"rendered":"<p>Propomos Renovar protocolos com entidades de forma\u00e7\u00e3o, a fim de assegurar a promo\u00e7\u00e3o estruturada de ac\u00e7\u00f5es de forma\u00e7\u00e3o coerentes com a matriz defendida pela ADAV Promover actividades de prepara\u00e7\u00e3o para o parto e para a maternidade e paternidade respons\u00e1veis Colaborar &hellip; <a href=\"https:\/\/www.adavaveiro.org\/?page_id=2020\">Continuar a ler <span class=\"meta-nav\">&rarr;<\/span><\/a><\/p>\n","protected":false},"author":1,"featured_media":0,"parent":5,"menu_order":0,"comment_status":"closed","ping_status":"closed","template":"","meta":{"footnotes":""},"class_list":["post-2020","page","type-page","status-publish","hentry"],"_links":{"self":[{"href":"https:\/\/www.adavaveiro.org\/index.php?rest_route=\/wp\/v2\/pages\/2020","targetHints":{"allow":["GET"]}}],"collection":[{"href":"https:\/\/www.adavaveiro.org\/index.php?rest_route=\/wp\/v2\/pages"}],"about":[{"href":"https:\/\/www.adavaveiro.org\/index.php?rest_route=\/wp\/v2\/types\/page"}],"author":[{"embeddable":true,"href":"https:\/\/www.adavaveiro.org\/index.php?rest_route=\/wp\/v2\/users\/1"}],"replies":[{"embeddable":true,"href":"https:\/\/www.adavaveiro.org\/index.php?rest_route=%2Fwp%2Fv2%2Fcomments&post=2020"}],"version-history":[{"count":6,"href":"https:\/\/www.adavaveiro.org\/index.php?rest_route=\/wp\/v2\/pages\/2020\/revisions"}],"predecessor-version":[{"id":3495,"href":"https:\/\/www.adavaveiro.org\/index.php?rest_route=\/wp\/v2\/pages\/2020\/revisions\/3495"}],"up":[{"embeddable":true,"href":"https:\/\/www.adavaveiro.org\/index.php?rest_route=\/wp\/v2\/pages\/5"}],"wp:attachment":[{"href":"https:\/\/www.adavaveiro.org\/index.php?rest_route=%2Fwp%2Fv2%2Fmedia&parent=2020"}],"curies":[{"name":"wp","href":"https:\/\/api.w.org\/{rel}","templated":true}]}}