{"id":2361,"date":"2012-04-21T07:31:53","date_gmt":"2012-04-21T07:31:53","guid":{"rendered":"http:\/\/www.adavaveiro.org\/?page_id=2361"},"modified":"2017-11-12T10:39:08","modified_gmt":"2017-11-12T10:39:08","slug":"21-de-abril-2012-cinco-anos-depois-numero-de-mulheres-que-repetem-abortos-tem-aumentado","status":"publish","type":"page","link":"https:\/\/www.adavaveiro.org\/?page_id=2361","title":{"rendered":"21 de abril 2012 &#8211; Cinco anos depois N\u00famero de mulheres que repetem abortos tem aumentado"},"content":{"rendered":"<div>\n<div>\n<p>Cinco anos depois<\/p>\n<h2>N\u00famero de mulheres que repetem abortos tem aumentado                             <a href=\"http:\/\/10.38.1.194\/admin\/editaNoticiaHTM.asp?idNot=1542969&amp;id=10\" target=\"_blank\"> <\/a><\/h2>\n<p>21.04.2012 &#8211; 08:13                             Por Lusa<\/p>\n<\/div>\n<div>\n<div>\n<div><strong> <\/strong><\/div>\n<\/div>\n<div>\n<blockquote><p>Cinco anos ap\u00f3s a entrada em vigor da  lei que descriminalizou a interrup\u00e7\u00e3o volunt\u00e1ria da gravidez, o aborto  clandestino j\u00e1 \u00e9 residual, mas o n\u00famero de mulheres que recorrem ao  hospital para abortar repetidas vezes tem vindo a aumentar.<\/p><\/blockquote>\n<\/div>\n<\/div>\n<\/div>\n<p>A principal lacuna na lei da interrup\u00e7\u00e3o  volunt\u00e1ria da gravidez (IVG) \u00e9 o facto de permitir que algumas mulheres  recorram ao aborto reiteradamente, defendem v\u00e1rios especialistas, que  apontam a necessidade de impor uma taxa ao aborto recorrente.<\/p>\n<p>O  presidente do Conselho Nacional de \u00c9tica para as Ci\u00eancias da Vida  (CNECV), Miguel Oliveira e Silva, considera que a maior virtude da lei  foi as mulheres deixarem de morrer por causa de um aborto, mas  classifica de \u201cvergonhoso\u201d e \u201cindesculp\u00e1vel\u201d o facto do Minist\u00e9rio da  Sa\u00fade n\u00e3o ter imposto uma taxa moderadora para o aborto recorrente.<\/p>\n<p>O  combate ao aborto clandestino foi um dos grandes objectivos desta lei,  que conseguiu tornar esta realidade residual e sobretudo em gravidezes  com mais de dez semanas. Por este motivo, h\u00e1 especialistas que defendem o  alargamento do prazo legal da IVG para as 11 semanas.<\/p>\n<p>Para Lu\u00eds  Gra\u00e7a, que dirige o departamento de ginecologia e obstetr\u00edcia do  Hospital de Santa Maria, em Lisboa, um prazo de onze semanas seria \u201cmais  confort\u00e1vel\u201d para resolver problemas que se colocam com determinados  tempos de gesta\u00e7\u00e3o. O problema, explica, \u00e9 que se uma mulher com  gesta\u00e7\u00e3o de nove semanas e quatro dias tenta recorrer \u00e0 IVG, j\u00e1 n\u00e3o \u00e9  aceite, porque ap\u00f3s o prazo de reflex\u00e3o j\u00e1 ter\u00e1 ultrapassado as dez  semanas, at\u00e9 \u00e0s quais uma mulher pode interromper a gravidez.<\/p>\n<p>O  \u00faltimo estudo feito sobre o n\u00famero de abortos em Portugal foi realizado  pela Federa\u00e7\u00e3o Portuguesa pela Vida (FPV) e teve por base os dados  oficiais dispon\u00edveis: da Direc\u00e7\u00e3o-geral da Sa\u00fade e do Instituto Nacional  de Estat\u00edstica, at\u00e9 2010. De acordo com esses n\u00fameros, desde 2007  realizaram-se em Portugal mais de 80 mil interrup\u00e7\u00f5es, das quais perto  de 13.500 foram repeti\u00e7\u00f5es.<\/p>\n<p>Segundo o estudo, que foi realizado  em Fevereiro, por ocasi\u00e3o dos cinco anos do referendo da despenaliza\u00e7\u00e3o  do aborto, esta reincid\u00eancia \u201ctem vindo a aumentar consideravelmente\u201d.  S\u00f3 em 2010 houve 4651 repeti\u00e7\u00f5es de aborto, das quais 978 representaram  duas ou mais repeti\u00e7\u00f5es.<\/p>\n<p>Al\u00e9m disso, desde o primeiro ano da  lei, houve um aumento de 30% no n\u00famero de abortos anuais: 15 mil no  primeiro ano e 19 mil nos seguintes (de 15 mil em 2008 para 34 mil em  2009 e 54 mil em 2010). No entanto, as complica\u00e7\u00f5es associadas a abortos  clandestinos baixaram consideravelmente desde 2008. O estudo revela  ainda que a intensidade do aborto \u00e9 maior nas mulheres mais instru\u00eddas,  com idades compreendidas entre os 20 e os 35 anos.<\/p>\n<p>in http:\/\/www.publico.pt\/Sociedade\/numero-de-mulheres-que-repetem-abortos-tem-aumentado-1542969<\/p>\n","protected":false},"excerpt":{"rendered":"<p>Cinco anos depois N\u00famero de mulheres que repetem abortos tem aumentado 21.04.2012 &#8211; 08:13 Por Lusa Cinco anos ap\u00f3s a entrada em vigor da lei que descriminalizou a interrup\u00e7\u00e3o volunt\u00e1ria da gravidez, o aborto clandestino j\u00e1 \u00e9 residual, mas o &hellip; <a href=\"https:\/\/www.adavaveiro.org\/?page_id=2361\">Continuar a ler <span class=\"meta-nav\">&rarr;<\/span><\/a><\/p>\n","protected":false},"author":1,"featured_media":0,"parent":1081,"menu_order":0,"comment_status":"closed","ping_status":"closed","template":"","meta":{"footnotes":""},"class_list":["post-2361","page","type-page","status-publish","hentry"],"_links":{"self":[{"href":"https:\/\/www.adavaveiro.org\/index.php?rest_route=\/wp\/v2\/pages\/2361","targetHints":{"allow":["GET"]}}],"collection":[{"href":"https:\/\/www.adavaveiro.org\/index.php?rest_route=\/wp\/v2\/pages"}],"about":[{"href":"https:\/\/www.adavaveiro.org\/index.php?rest_route=\/wp\/v2\/types\/page"}],"author":[{"embeddable":true,"href":"https:\/\/www.adavaveiro.org\/index.php?rest_route=\/wp\/v2\/users\/1"}],"replies":[{"embeddable":true,"href":"https:\/\/www.adavaveiro.org\/index.php?rest_route=%2Fwp%2Fv2%2Fcomments&post=2361"}],"version-history":[{"count":3,"href":"https:\/\/www.adavaveiro.org\/index.php?rest_route=\/wp\/v2\/pages\/2361\/revisions"}],"predecessor-version":[{"id":3434,"href":"https:\/\/www.adavaveiro.org\/index.php?rest_route=\/wp\/v2\/pages\/2361\/revisions\/3434"}],"up":[{"embeddable":true,"href":"https:\/\/www.adavaveiro.org\/index.php?rest_route=\/wp\/v2\/pages\/1081"}],"wp:attachment":[{"href":"https:\/\/www.adavaveiro.org\/index.php?rest_route=%2Fwp%2Fv2%2Fmedia&parent=2361"}],"curies":[{"name":"wp","href":"https:\/\/api.w.org\/{rel}","templated":true}]}}