{"id":2640,"date":"2012-09-16T20:16:12","date_gmt":"2012-09-16T20:16:12","guid":{"rendered":"http:\/\/www.adavaveiro.org\/?page_id=2640"},"modified":"2012-09-16T20:16:40","modified_gmt":"2012-09-16T20:16:40","slug":"testamento-vital-2","status":"publish","type":"page","link":"https:\/\/www.adavaveiro.org\/?page_id=2640","title":{"rendered":"Testamento Vital 2"},"content":{"rendered":"<p>Continua\u00e7\u00e3o da reflex\u00e3o de Lu\u00eds Silva publicada no jornal Correio do Vouga de 5 de setembro de 2012<\/p>\n<p><a href=\"http:\/\/www.adavaveiro.org\/?attachment_id=2641\" rel=\"attachment wp-att-2641\">Correio_do_Vouga_5_9_12_pg15<\/a><\/p>\n","protected":false},"excerpt":{"rendered":"<p>Continua\u00e7\u00e3o da reflex\u00e3o de Lu\u00eds Silva publicada no jornal Correio do Vouga de 5 de setembro de 2012 Correio_do_Vouga_5_9_12_pg15<\/p>\n","protected":false},"author":1,"featured_media":0,"parent":17,"menu_order":0,"comment_status":"closed","ping_status":"closed","template":"","meta":{"footnotes":""},"class_list":["post-2640","page","type-page","status-publish","hentry"],"_links":{"self":[{"href":"https:\/\/www.adavaveiro.org\/index.php?rest_route=\/wp\/v2\/pages\/2640","targetHints":{"allow":["GET"]}}],"collection":[{"href":"https:\/\/www.adavaveiro.org\/index.php?rest_route=\/wp\/v2\/pages"}],"about":[{"href":"https:\/\/www.adavaveiro.org\/index.php?rest_route=\/wp\/v2\/types\/page"}],"author":[{"embeddable":true,"href":"https:\/\/www.adavaveiro.org\/index.php?rest_route=\/wp\/v2\/users\/1"}],"replies":[{"embeddable":true,"href":"https:\/\/www.adavaveiro.org\/index.php?rest_route=%2Fwp%2Fv2%2Fcomments&post=2640"}],"version-history":[{"count":2,"href":"https:\/\/www.adavaveiro.org\/index.php?rest_route=\/wp\/v2\/pages\/2640\/revisions"}],"predecessor-version":[{"id":2643,"href":"https:\/\/www.adavaveiro.org\/index.php?rest_route=\/wp\/v2\/pages\/2640\/revisions\/2643"}],"up":[{"embeddable":true,"href":"https:\/\/www.adavaveiro.org\/index.php?rest_route=\/wp\/v2\/pages\/17"}],"wp:attachment":[{"href":"https:\/\/www.adavaveiro.org\/index.php?rest_route=%2Fwp%2Fv2%2Fmedia&parent=2640"}],"curies":[{"name":"wp","href":"https:\/\/api.w.org\/{rel}","templated":true}]}}