{"id":3450,"date":"2017-11-12T10:49:42","date_gmt":"2017-11-12T10:49:42","guid":{"rendered":"http:\/\/www.adavaveiro.org\/?page_id=3450"},"modified":"2023-09-18T16:00:10","modified_gmt":"2023-09-18T16:00:10","slug":"relatorios","status":"publish","type":"page","link":"https:\/\/www.adavaveiro.org\/?page_id=3450","title":{"rendered":"RELAT\u00d3RIOS"},"content":{"rendered":"<p>Nesta sec\u00e7\u00e3o, disponibilizamos os Relat\u00f3rios anuais aprovados em Assembleia Geral.<\/p>\n","protected":false},"excerpt":{"rendered":"<p>Nesta sec\u00e7\u00e3o, disponibilizamos os Relat\u00f3rios anuais aprovados em Assembleia Geral.<\/p>\n","protected":false},"author":1,"featured_media":0,"parent":0,"menu_order":0,"comment_status":"closed","ping_status":"closed","template":"","meta":{"footnotes":""},"class_list":["post-3450","page","type-page","status-publish","hentry"],"_links":{"self":[{"href":"https:\/\/www.adavaveiro.org\/index.php?rest_route=\/wp\/v2\/pages\/3450","targetHints":{"allow":["GET"]}}],"collection":[{"href":"https:\/\/www.adavaveiro.org\/index.php?rest_route=\/wp\/v2\/pages"}],"about":[{"href":"https:\/\/www.adavaveiro.org\/index.php?rest_route=\/wp\/v2\/types\/page"}],"author":[{"embeddable":true,"href":"https:\/\/www.adavaveiro.org\/index.php?rest_route=\/wp\/v2\/users\/1"}],"replies":[{"embeddable":true,"href":"https:\/\/www.adavaveiro.org\/index.php?rest_route=%2Fwp%2Fv2%2Fcomments&post=3450"}],"version-history":[{"count":5,"href":"https:\/\/www.adavaveiro.org\/index.php?rest_route=\/wp\/v2\/pages\/3450\/revisions"}],"predecessor-version":[{"id":4104,"href":"https:\/\/www.adavaveiro.org\/index.php?rest_route=\/wp\/v2\/pages\/3450\/revisions\/4104"}],"wp:attachment":[{"href":"https:\/\/www.adavaveiro.org\/index.php?rest_route=%2Fwp%2Fv2%2Fmedia&parent=3450"}],"curies":[{"name":"wp","href":"https:\/\/api.w.org\/{rel}","templated":true}]}}