{"id":3460,"date":"2017-11-18T10:50:24","date_gmt":"2017-11-18T10:50:24","guid":{"rendered":"http:\/\/www.adavaveiro.org\/?page_id=3460"},"modified":"2024-05-09T20:43:59","modified_gmt":"2024-05-09T20:43:59","slug":"2010-2017","status":"publish","type":"page","link":"https:\/\/www.adavaveiro.org\/?page_id=3460","title":{"rendered":"2010-2017"},"content":{"rendered":"<p><strong>242<\/strong> gr\u00e1vi<img loading=\"lazy\" decoding=\"async\" class=\"size-thumbnail wp-image-2938 alignright\" src=\"http:\/\/www.adavaveiro.org\/wp-content\/uploads\/2013\/04\/criancas_VER-260x173.jpg\" alt=\"\" width=\"260\" height=\"173\" srcset=\"https:\/\/www.adavaveiro.org\/wp-content\/uploads\/2013\/04\/criancas_VER-260x173.jpg 260w, https:\/\/www.adavaveiro.org\/wp-content\/uploads\/2013\/04\/criancas_VER-300x199.jpg 300w, https:\/\/www.adavaveiro.org\/wp-content\/uploads\/2013\/04\/criancas_VER-1024x681.jpg 1024w, https:\/\/www.adavaveiro.org\/wp-content\/uploads\/2013\/04\/criancas_VER.jpg 1600w\" sizes=\"auto, (max-width: 260px) 100vw, 260px\" \/>das apoiadas, <strong>14<\/strong> delas menores de 18 anos<br \/>\n<strong>553<\/strong> fam\u00edlias com filhos at\u00e9 3 ano<br \/>\n<strong>1323<\/strong> crian\u00e7as<\/p>\n<p>Tipo de apoio prestado:<\/p>\n<ul>\n<li>alimentar (g\u00e9neros aliment\u00edcios; leite para beb\u00e9s)<\/li>\n<li>fraldas<\/li>\n<li>prepara\u00e7\u00e3o para o parto<\/li>\n<li>roupa<\/li>\n<li>jur\u00eddico<\/li>\n<li>dentista<\/li>\n<\/ul>\n","protected":false},"excerpt":{"rendered":"<p>242 gr\u00e1vidas apoiadas, 14 delas menores de 18 anos 553 fam\u00edlias com filhos at\u00e9 3 ano 1323 crian\u00e7as Tipo de apoio prestado: alimentar (g\u00e9neros aliment\u00edcios; leite para beb\u00e9s) fraldas prepara\u00e7\u00e3o para o parto roupa jur\u00eddico dentista<\/p>\n","protected":false},"author":1,"featured_media":0,"parent":3450,"menu_order":9,"comment_status":"closed","ping_status":"closed","template":"","meta":{"footnotes":""},"class_list":["post-3460","page","type-page","status-publish","hentry"],"_links":{"self":[{"href":"https:\/\/www.adavaveiro.org\/index.php?rest_route=\/wp\/v2\/pages\/3460","targetHints":{"allow":["GET"]}}],"collection":[{"href":"https:\/\/www.adavaveiro.org\/index.php?rest_route=\/wp\/v2\/pages"}],"about":[{"href":"https:\/\/www.adavaveiro.org\/index.php?rest_route=\/wp\/v2\/types\/page"}],"author":[{"embeddable":true,"href":"https:\/\/www.adavaveiro.org\/index.php?rest_route=\/wp\/v2\/users\/1"}],"replies":[{"embeddable":true,"href":"https:\/\/www.adavaveiro.org\/index.php?rest_route=%2Fwp%2Fv2%2Fcomments&post=3460"}],"version-history":[{"count":1,"href":"https:\/\/www.adavaveiro.org\/index.php?rest_route=\/wp\/v2\/pages\/3460\/revisions"}],"predecessor-version":[{"id":3461,"href":"https:\/\/www.adavaveiro.org\/index.php?rest_route=\/wp\/v2\/pages\/3460\/revisions\/3461"}],"up":[{"embeddable":true,"href":"https:\/\/www.adavaveiro.org\/index.php?rest_route=\/wp\/v2\/pages\/3450"}],"wp:attachment":[{"href":"https:\/\/www.adavaveiro.org\/index.php?rest_route=%2Fwp%2Fv2%2Fmedia&parent=3460"}],"curies":[{"name":"wp","href":"https:\/\/api.w.org\/{rel}","templated":true}]}}