{"id":3643,"date":"2021-03-10T09:14:44","date_gmt":"2021-03-10T09:14:44","guid":{"rendered":"http:\/\/www.adavaveiro.org\/?page_id=3643"},"modified":"2024-05-09T20:43:42","modified_gmt":"2024-05-09T20:43:42","slug":"o-que-fazemos-10","status":"publish","type":"page","link":"https:\/\/www.adavaveiro.org\/?page_id=3643","title":{"rendered":"Relat\u00f3rio de atividades e contas 2018"},"content":{"rendered":"\n<div data-wp-interactive=\"core\/file\" class=\"wp-block-file\"><object data-wp-bind--hidden=\"!state.hasPdfPreview\" hidden class=\"wp-block-file__embed\" data=\"http:\/\/www.adavaveiro.org\/wp-content\/uploads\/2022\/09\/ADAV_AVEIRO_Relatorios-Ativid_Contas_ano-2018.pdf\" type=\"application\/pdf\" style=\"width:100%;height:600px\" aria-label=\"Incorpora\u00e7\u00e3o de Incorpora\u00e7\u00e3o de ADAV_AVEIRO_Relatorios-Ativid_Contas_ano-2018..\"><\/object><a id=\"wp-block-file--media-c88ba857-0dbe-474a-a037-c611b6e04e27\" href=\"http:\/\/www.adavaveiro.org\/wp-content\/uploads\/2022\/09\/ADAV_AVEIRO_Relatorios-Ativid_Contas_ano-2018.pdf\">ADAV_AVEIRO_Relatorios-Ativid_Contas_ano-2018<\/a><a href=\"http:\/\/www.adavaveiro.org\/wp-content\/uploads\/2022\/09\/ADAV_AVEIRO_Relatorios-Ativid_Contas_ano-2018.pdf\" class=\"wp-block-file__button\" download aria-describedby=\"wp-block-file--media-c88ba857-0dbe-474a-a037-c611b6e04e27\">Descarregar<\/a><\/div>\n\n\n\n<p><\/p>\n","protected":false},"excerpt":{"rendered":"","protected":false},"author":1,"featured_media":0,"parent":3450,"menu_order":6,"comment_status":"closed","ping_status":"closed","template":"","meta":{"footnotes":""},"class_list":["post-3643","page","type-page","status-publish","hentry"],"_links":{"self":[{"href":"https:\/\/www.adavaveiro.org\/index.php?rest_route=\/wp\/v2\/pages\/3643","targetHints":{"allow":["GET"]}}],"collection":[{"href":"https:\/\/www.adavaveiro.org\/index.php?rest_route=\/wp\/v2\/pages"}],"about":[{"href":"https:\/\/www.adavaveiro.org\/index.php?rest_route=\/wp\/v2\/types\/page"}],"author":[{"embeddable":true,"href":"https:\/\/www.adavaveiro.org\/index.php?rest_route=\/wp\/v2\/users\/1"}],"replies":[{"embeddable":true,"href":"https:\/\/www.adavaveiro.org\/index.php?rest_route=%2Fwp%2Fv2%2Fcomments&post=3643"}],"version-history":[{"count":3,"href":"https:\/\/www.adavaveiro.org\/index.php?rest_route=\/wp\/v2\/pages\/3643\/revisions"}],"predecessor-version":[{"id":3989,"href":"https:\/\/www.adavaveiro.org\/index.php?rest_route=\/wp\/v2\/pages\/3643\/revisions\/3989"}],"up":[{"embeddable":true,"href":"https:\/\/www.adavaveiro.org\/index.php?rest_route=\/wp\/v2\/pages\/3450"}],"wp:attachment":[{"href":"https:\/\/www.adavaveiro.org\/index.php?rest_route=%2Fwp%2Fv2%2Fmedia&parent=3643"}],"curies":[{"name":"wp","href":"https:\/\/api.w.org\/{rel}","templated":true}]}}