{"id":3853,"date":"2021-12-12T16:33:08","date_gmt":"2021-12-12T16:33:08","guid":{"rendered":"http:\/\/www.adavaveiro.org\/?page_id=3853"},"modified":"2024-05-09T20:39:19","modified_gmt":"2024-05-09T20:39:19","slug":"plano-anual-de-atividades-e-orcamento-2022","status":"publish","type":"page","link":"https:\/\/www.adavaveiro.org\/?page_id=3853","title":{"rendered":"Plano anual de atividades e or\u00e7amento 2022"},"content":{"rendered":"\n<div data-wp-interactive=\"core\/file\" class=\"wp-block-file\"><object data-wp-bind--hidden=\"!state.hasPdfPreview\" hidden class=\"wp-block-file__embed\" data=\"http:\/\/www.adavaveiro.org\/wp-content\/uploads\/2021\/12\/Plano-de-atividades-e-orcamento_2022-1.pdf\" type=\"application\/pdf\" style=\"width:100%;height:600px\" aria-label=\"Incorpora\u00e7\u00e3o de Incorpora\u00e7\u00e3o de Plano-de-atividades-e-orcamento_2022-1..\"><\/object><a href=\"http:\/\/www.adavaveiro.org\/wp-content\/uploads\/2021\/12\/Plano-de-atividades-e-orcamento_2022-1.pdf\">Plano-de-atividades-e-orcamento_2022-1<\/a><a href=\"http:\/\/www.adavaveiro.org\/wp-content\/uploads\/2021\/12\/Plano-de-atividades-e-orcamento_2022-1.pdf\" class=\"wp-block-file__button\" download>Descarregar<\/a><\/div>\n","protected":false},"excerpt":{"rendered":"","protected":false},"author":1,"featured_media":0,"parent":4100,"menu_order":3,"comment_status":"closed","ping_status":"closed","template":"","meta":{"footnotes":""},"class_list":["post-3853","page","type-page","status-publish","hentry"],"_links":{"self":[{"href":"https:\/\/www.adavaveiro.org\/index.php?rest_route=\/wp\/v2\/pages\/3853","targetHints":{"allow":["GET"]}}],"collection":[{"href":"https:\/\/www.adavaveiro.org\/index.php?rest_route=\/wp\/v2\/pages"}],"about":[{"href":"https:\/\/www.adavaveiro.org\/index.php?rest_route=\/wp\/v2\/types\/page"}],"author":[{"embeddable":true,"href":"https:\/\/www.adavaveiro.org\/index.php?rest_route=\/wp\/v2\/users\/1"}],"replies":[{"embeddable":true,"href":"https:\/\/www.adavaveiro.org\/index.php?rest_route=%2Fwp%2Fv2%2Fcomments&post=3853"}],"version-history":[{"count":2,"href":"https:\/\/www.adavaveiro.org\/index.php?rest_route=\/wp\/v2\/pages\/3853\/revisions"}],"predecessor-version":[{"id":3857,"href":"https:\/\/www.adavaveiro.org\/index.php?rest_route=\/wp\/v2\/pages\/3853\/revisions\/3857"}],"up":[{"embeddable":true,"href":"https:\/\/www.adavaveiro.org\/index.php?rest_route=\/wp\/v2\/pages\/4100"}],"wp:attachment":[{"href":"https:\/\/www.adavaveiro.org\/index.php?rest_route=%2Fwp%2Fv2%2Fmedia&parent=3853"}],"curies":[{"name":"wp","href":"https:\/\/api.w.org\/{rel}","templated":true}]}}